{"id":47,"date":"2021-11-04T00:01:00","date_gmt":"2021-11-04T00:01:00","guid":{"rendered":"https:\/\/simplar.atakansaracoglu.com\/?page_id=47"},"modified":"2022-10-02T22:07:07","modified_gmt":"2022-10-03T03:07:07","slug":"quienes-somos","status":"publish","type":"page","link":"https:\/\/asintelecuador.com\/?page_id=47","title":{"rendered":"Quienes Somos"},"content":{"rendered":"\t\t<div data-elementor-type=\"wp-page\" data-elementor-id=\"47\" class=\"elementor elementor-47\">\n\t\t\t\t\t\t<section class=\"elementor-section elementor-top-section elementor-element elementor-element-1e4bb99 elementor-section-full_width elementor-section-content-middle elementor-section-height-default elementor-section-height-default\" data-id=\"1e4bb99\" data-element_type=\"section\" data-e-type=\"section\" data-settings=\"{&quot;background_background&quot;:&quot;classic&quot;}\">\n\t\t\t\t\t\t<div class=\"elementor-container elementor-column-gap-no\">\n\t\t\t\t\t<div class=\"elementor-column elementor-col-100 elementor-top-column elementor-element elementor-element-04017f1\" data-id=\"04017f1\" data-element_type=\"column\" data-e-type=\"column\">\n\t\t\t<div class=\"elementor-widget-wrap elementor-element-populated\">\n\t\t\t\t\t\t<div class=\"elementor-element elementor-element-96f89b1 elementor-widget elementor-widget-page-title\" data-id=\"96f89b1\" data-element_type=\"widget\" data-e-type=\"widget\" data-settings=\"{&quot;align&quot;:&quot;center&quot;}\" data-widget_type=\"page-title.default\">\n\t\t\t\t<div class=\"elementor-widget-container\">\n\t\t\t\t\t\t\t\n\t\t<div class=\"hfe-page-title hfe-page-title-wrapper elementor-widget-heading\">\n\n\t\t\t\t\t\t\t\t\t\t\t<a href=\"https:\/\/asintelecuador.com\">\n\t\t\t\t\t\t<h1 class=\"elementor-heading-title elementor-size-default\">\n\t\t\t\t\t\t\t\t\n\t\t\t\tQuienes Somos  \n\t\t\t<\/h1 > \n\t\t\t\t\t\t\t\t\t<\/a>\n\t\t\t\t\t<\/div>\n\t\t\t\t\t\t<\/div>\n\t\t\t\t<\/div>\n\t\t\t\t\t<\/div>\n\t\t<\/div>\n\t\t\t\t\t<\/div>\n\t\t<\/section>\n\t\t\t\t<section class=\"elementor-section elementor-top-section elementor-element elementor-element-19d84bc elementor-section-content-middle elementor-section-boxed elementor-section-height-default elementor-section-height-default\" data-id=\"19d84bc\" data-element_type=\"section\" data-e-type=\"section\">\n\t\t\t\t\t\t<div class=\"elementor-container elementor-column-gap-default\">\n\t\t\t\t\t<div class=\"elementor-column elementor-col-50 elementor-top-column elementor-element elementor-element-90a6493\" data-id=\"90a6493\" data-element_type=\"column\" data-e-type=\"column\">\n\t\t\t<div class=\"elementor-widget-wrap elementor-element-populated\">\n\t\t\t\t\t\t<div class=\"elementor-element elementor-element-9ebcafa elementor-widget elementor-widget-image\" data-id=\"9ebcafa\" data-element_type=\"widget\" data-e-type=\"widget\" data-widget_type=\"image.default\">\n\t\t\t\t<div class=\"elementor-widget-container\">\n\t\t\t\t\t\t\t\t\t\t\t\t\t\t\t<img fetchpriority=\"high\" decoding=\"async\" width=\"640\" height=\"360\" src=\"https:\/\/asintelecuador.com\/wp-content\/uploads\/2022\/10\/empresario.jpg\" class=\"attachment-large size-large wp-image-1275\" alt=\"\" srcset=\"https:\/\/asintelecuador.com\/wp-content\/uploads\/2022\/10\/empresario.jpg 826w, https:\/\/asintelecuador.com\/wp-content\/uploads\/2022\/10\/empresario-300x169.jpg 300w, https:\/\/asintelecuador.com\/wp-content\/uploads\/2022\/10\/empresario-768x432.jpg 768w\" sizes=\"(max-width: 640px) 100vw, 640px\" \/>\t\t\t\t\t\t\t\t\t\t\t\t\t\t\t<\/div>\n\t\t\t\t<\/div>\n\t\t\t\t\t<\/div>\n\t\t<\/div>\n\t\t\t\t<div class=\"elementor-column elementor-col-50 elementor-top-column elementor-element elementor-element-f213f8f\" data-id=\"f213f8f\" data-element_type=\"column\" data-e-type=\"column\">\n\t\t\t<div class=\"elementor-widget-wrap elementor-element-populated\">\n\t\t\t\t\t\t<div class=\"elementor-element elementor-element-0ac379b elementor-invisible elementor-widget elementor-widget-text-editor\" data-id=\"0ac379b\" data-element_type=\"widget\" data-e-type=\"widget\" data-settings=\"{&quot;_animation&quot;:&quot;fadeInRight&quot;,&quot;_animation_delay&quot;:300}\" data-widget_type=\"text-editor.default\">\n\t\t\t\t<div class=\"elementor-widget-container\">\n\t\t\t\t\t\t\t\t\t<p>ASINTEL, es una empresa de servicio y soporte de tecnolog\u00eda e inform\u00e1tica con m\u00e1s de 8 a\u00f1os de experiencia en el mercado. Asesoramos y comercializamos en la adquisici\u00f3n de Hardware y Software.<\/p><p>Nuestra identidad se basa en principios fundamentales de transparencia, seriedad, calidad e integridad profesional y \u00e9tica, razones por las cuales fidelizar a nuestros clientes es nuestro objetivo principal, apostando a convertirnos en un socio estrat\u00e9gico para su negocio.<\/p><p>Los invitamos a confiar en nuestros fundamentos haciendonos part\u00edcipes del crecimiento tecnol\u00f3gico de su compa\u00f1\u00eda como un aliado y apoyo de confianza en la toma de decisiones a favor de la innovaci\u00f3n, actualizaci\u00f3n y optimizaci\u00f3n de los recursos tecnol\u00f3gicos vigentes en el mercado para lograr un funcionamiento eficiente y eficaz de su empresa.<\/p>\t\t\t\t\t\t\t\t<\/div>\n\t\t\t\t<\/div>\n\t\t\t\t\t<\/div>\n\t\t<\/div>\n\t\t\t\t\t<\/div>\n\t\t<\/section>\n\t\t\t\t<section class=\"elementor-section elementor-top-section elementor-element elementor-element-0540cbe elementor-section-content-middle elementor-section-boxed elementor-section-height-default elementor-section-height-default\" data-id=\"0540cbe\" data-element_type=\"section\" data-e-type=\"section\">\n\t\t\t\t\t\t<div class=\"elementor-container elementor-column-gap-default\">\n\t\t\t\t\t<div class=\"elementor-column elementor-col-50 elementor-top-column elementor-element elementor-element-5313d36\" data-id=\"5313d36\" data-element_type=\"column\" data-e-type=\"column\">\n\t\t\t<div class=\"elementor-widget-wrap elementor-element-populated\">\n\t\t\t\t\t\t<div class=\"elementor-element elementor-element-657fc62 elementor-widget elementor-widget-heading\" data-id=\"657fc62\" data-element_type=\"widget\" data-e-type=\"widget\" data-widget_type=\"heading.default\">\n\t\t\t\t<div class=\"elementor-widget-container\">\n\t\t\t\t\t<h2 class=\"elementor-heading-title elementor-size-default\">Misi\u00f3n<\/h2>\t\t\t\t<\/div>\n\t\t\t\t<\/div>\n\t\t\t\t<div class=\"elementor-element elementor-element-1c9eb15 animated-fast elementor-invisible elementor-widget elementor-widget-text-editor\" data-id=\"1c9eb15\" data-element_type=\"widget\" data-e-type=\"widget\" data-settings=\"{&quot;_animation&quot;:&quot;fadeInRight&quot;,&quot;_animation_delay&quot;:50}\" data-widget_type=\"text-editor.default\">\n\t\t\t\t<div class=\"elementor-widget-container\">\n\t\t\t\t\t\t\t\t\t<p>La misi\u00f3n de ASINTEL se focaliza en la creaci\u00f3n y gesti\u00f3n de servicios en Tecnolog\u00edas de la Informaci\u00f3n y Comunicaci\u00f3n, orientados a las peque\u00f1as y grandes empresas. Buscamos poder ofrecer servicios de alto valor y confiables, en los que nuestro equipo<\/p>\t\t\t\t\t\t\t\t<\/div>\n\t\t\t\t<\/div>\n\t\t\t\t\t<\/div>\n\t\t<\/div>\n\t\t\t\t<div class=\"elementor-column elementor-col-50 elementor-top-column elementor-element elementor-element-7c4bebd\" data-id=\"7c4bebd\" data-element_type=\"column\" data-e-type=\"column\">\n\t\t\t<div class=\"elementor-widget-wrap elementor-element-populated\">\n\t\t\t\t\t\t<div class=\"elementor-element elementor-element-b6a8841 animated-fast elementor-invisible elementor-widget elementor-widget-image\" data-id=\"b6a8841\" data-element_type=\"widget\" data-e-type=\"widget\" data-settings=\"{&quot;_animation&quot;:&quot;fadeInLeft&quot;}\" data-widget_type=\"image.default\">\n\t\t\t\t<div class=\"elementor-widget-container\">\n\t\t\t\t\t\t\t\t\t\t\t\t\t\t\t<img decoding=\"async\" width=\"740\" height=\"493\" src=\"https:\/\/asintelecuador.com\/wp-content\/uploads\/2022\/10\/concepto-negocio-manos-cerca_23-2149151165.jpg\" class=\"attachment-full size-full wp-image-1278\" alt=\"\" srcset=\"https:\/\/asintelecuador.com\/wp-content\/uploads\/2022\/10\/concepto-negocio-manos-cerca_23-2149151165.jpg 740w, https:\/\/asintelecuador.com\/wp-content\/uploads\/2022\/10\/concepto-negocio-manos-cerca_23-2149151165-300x200.jpg 300w\" sizes=\"(max-width: 740px) 100vw, 740px\" \/>\t\t\t\t\t\t\t\t\t\t\t\t\t\t\t<\/div>\n\t\t\t\t<\/div>\n\t\t\t\t\t<\/div>\n\t\t<\/div>\n\t\t\t\t\t<\/div>\n\t\t<\/section>\n\t\t\t\t<section class=\"elementor-section elementor-top-section elementor-element elementor-element-24fc7f7 elementor-section-content-middle elementor-section-boxed elementor-section-height-default elementor-section-height-default\" data-id=\"24fc7f7\" data-element_type=\"section\" data-e-type=\"section\">\n\t\t\t\t\t\t<div class=\"elementor-container elementor-column-gap-default\">\n\t\t\t\t\t<div class=\"elementor-column elementor-col-50 elementor-top-column elementor-element elementor-element-7095315\" data-id=\"7095315\" data-element_type=\"column\" data-e-type=\"column\">\n\t\t\t<div class=\"elementor-widget-wrap elementor-element-populated\">\n\t\t\t\t\t\t<div class=\"elementor-element elementor-element-f2bbd59 animated-fast elementor-invisible elementor-widget elementor-widget-image\" data-id=\"f2bbd59\" data-element_type=\"widget\" data-e-type=\"widget\" data-settings=\"{&quot;_animation&quot;:&quot;fadeInLeft&quot;}\" data-widget_type=\"image.default\">\n\t\t\t\t<div class=\"elementor-widget-container\">\n\t\t\t\t\t\t\t\t\t\t\t\t\t\t\t<img decoding=\"async\" width=\"740\" height=\"671\" src=\"https:\/\/asintelecuador.com\/wp-content\/uploads\/2022\/10\/concepto-puesta-marcha-empresa-business-strategy-corporation_53876-123887.jpg\" class=\"attachment-full size-full wp-image-1277\" alt=\"\" srcset=\"https:\/\/asintelecuador.com\/wp-content\/uploads\/2022\/10\/concepto-puesta-marcha-empresa-business-strategy-corporation_53876-123887.jpg 740w, https:\/\/asintelecuador.com\/wp-content\/uploads\/2022\/10\/concepto-puesta-marcha-empresa-business-strategy-corporation_53876-123887-300x272.jpg 300w\" sizes=\"(max-width: 740px) 100vw, 740px\" \/>\t\t\t\t\t\t\t\t\t\t\t\t\t\t\t<\/div>\n\t\t\t\t<\/div>\n\t\t\t\t\t<\/div>\n\t\t<\/div>\n\t\t\t\t<div class=\"elementor-column elementor-col-50 elementor-top-column elementor-element elementor-element-0851ccc\" data-id=\"0851ccc\" data-element_type=\"column\" data-e-type=\"column\">\n\t\t\t<div class=\"elementor-widget-wrap elementor-element-populated\">\n\t\t\t\t\t\t<div class=\"elementor-element elementor-element-f3a77f4 elementor-widget elementor-widget-heading\" data-id=\"f3a77f4\" data-element_type=\"widget\" data-e-type=\"widget\" data-widget_type=\"heading.default\">\n\t\t\t\t<div class=\"elementor-widget-container\">\n\t\t\t\t\t<h2 class=\"elementor-heading-title elementor-size-default\">Visi\u00f3n<\/h2>\t\t\t\t<\/div>\n\t\t\t\t<\/div>\n\t\t\t\t<div class=\"elementor-element elementor-element-3312b1c animated-fast elementor-invisible elementor-widget elementor-widget-text-editor\" data-id=\"3312b1c\" data-element_type=\"widget\" data-e-type=\"widget\" data-settings=\"{&quot;_animation&quot;:&quot;fadeInRight&quot;,&quot;_animation_delay&quot;:50}\" data-widget_type=\"text-editor.default\">\n\t\t\t\t<div class=\"elementor-widget-container\">\n\t\t\t\t\t\t\t\t\t<p>Ser la empresa de Ingenier\u00eda Tecnol\u00f3gica l\u00edder que ofrece servicios de calidad, reconocida por las soluciones tecnol\u00f3gicas que entregamos, generando relaciones duraderas con nuestros clientes, proveedores y nuestra gente, puesto que somos una empresa en constante innovaci\u00f3n.<\/p>\t\t\t\t\t\t\t\t<\/div>\n\t\t\t\t<\/div>\n\t\t\t\t\t<\/div>\n\t\t<\/div>\n\t\t\t\t\t<\/div>\n\t\t<\/section>\n\t\t\t\t<\/div>\n\t\t","protected":false},"excerpt":{"rendered":"<p>Quienes Somos ASINTEL, es una empresa de servicio y soporte de tecnolog\u00eda e inform\u00e1tica con m\u00e1s de 8 a\u00f1os de experiencia en el mercado. Asesoramos y comercializamos en la adquisici\u00f3n de Hardware y Software. Nuestra identidad se basa en principios fundamentales de transparencia, seriedad, calidad e integridad profesional y \u00e9tica, razones por las cuales fidelizar [&hellip;]<\/p>\n","protected":false},"author":1,"featured_media":0,"parent":0,"menu_order":0,"comment_status":"closed","ping_status":"closed","template":"elementor_header_footer","meta":{"_siteseo_robots_primary_cat":"","_uag_custom_page_level_css":"","footnotes":""},"class_list":["post-47","page","type-page","status-publish","hentry"],"uagb_featured_image_src":{"full":false,"thumbnail":false,"medium":false,"medium_large":false,"large":false,"1536x1536":false,"2048x2048":false},"uagb_author_info":{"display_name":"hpatino","author_link":"https:\/\/asintelecuador.com\/?author=1"},"uagb_comment_info":0,"uagb_excerpt":"Quienes Somos ASINTEL, es una empresa de servicio y soporte de tecnolog\u00eda e inform\u00e1tica con m\u00e1s de 8 a\u00f1os de experiencia en el mercado. Asesoramos y comercializamos en la adquisici\u00f3n de Hardware y Software. Nuestra identidad se basa en principios fundamentales de transparencia, seriedad, calidad e integridad profesional y \u00e9tica, razones por las cuales fidelizar&hellip;","_links":{"self":[{"href":"https:\/\/asintelecuador.com\/index.php?rest_route=\/wp\/v2\/pages\/47","targetHints":{"allow":["GET"]}}],"collection":[{"href":"https:\/\/asintelecuador.com\/index.php?rest_route=\/wp\/v2\/pages"}],"about":[{"href":"https:\/\/asintelecuador.com\/index.php?rest_route=\/wp\/v2\/types\/page"}],"author":[{"embeddable":true,"href":"https:\/\/asintelecuador.com\/index.php?rest_route=\/wp\/v2\/users\/1"}],"replies":[{"embeddable":true,"href":"https:\/\/asintelecuador.com\/index.php?rest_route=%2Fwp%2Fv2%2Fcomments&post=47"}],"version-history":[{"count":9,"href":"https:\/\/asintelecuador.com\/index.php?rest_route=\/wp\/v2\/pages\/47\/revisions"}],"predecessor-version":[{"id":1281,"href":"https:\/\/asintelecuador.com\/index.php?rest_route=\/wp\/v2\/pages\/47\/revisions\/1281"}],"wp:attachment":[{"href":"https:\/\/asintelecuador.com\/index.php?rest_route=%2Fwp%2Fv2%2Fmedia&parent=47"}],"curies":[{"name":"wp","href":"https:\/\/api.w.org\/{rel}","templated":true}]}}