{"id":1283,"date":"2022-10-02T22:12:32","date_gmt":"2022-10-03T03:12:32","guid":{"rendered":"https:\/\/asintelecuador.com\/?page_id=1283"},"modified":"2022-10-02T22:57:27","modified_gmt":"2022-10-03T03:57:27","slug":"nuestro-servicios","status":"publish","type":"page","link":"https:\/\/asintelecuador.com\/?page_id=1283","title":{"rendered":"Nuestro Servicios"},"content":{"rendered":"\t\t<div data-elementor-type=\"wp-page\" data-elementor-id=\"1283\" class=\"elementor elementor-1283\">\n\t\t\t\t\t\t<section class=\"elementor-section elementor-top-section elementor-element elementor-element-36b2b48 elementor-section-boxed elementor-section-height-default elementor-section-height-default\" data-id=\"36b2b48\" data-element_type=\"section\" data-e-type=\"section\" data-settings=\"{&quot;background_background&quot;:&quot;classic&quot;}\">\n\t\t\t\t\t\t<div class=\"elementor-container elementor-column-gap-default\">\n\t\t\t\t\t<div class=\"elementor-column elementor-col-100 elementor-top-column elementor-element elementor-element-122799f\" data-id=\"122799f\" data-element_type=\"column\" data-e-type=\"column\">\n\t\t\t<div class=\"elementor-widget-wrap elementor-element-populated\">\n\t\t\t\t\t\t<div class=\"elementor-element elementor-element-7334d0a elementor-widget elementor-widget-page-title\" data-id=\"7334d0a\" data-element_type=\"widget\" data-e-type=\"widget\" data-settings=\"{&quot;align&quot;:&quot;center&quot;}\" data-widget_type=\"page-title.default\">\n\t\t\t\t<div class=\"elementor-widget-container\">\n\t\t\t\t\t\t\t\n\t\t<div class=\"hfe-page-title hfe-page-title-wrapper elementor-widget-heading\">\n\n\t\t\t\t\t\t\t\t\t\t\t<a href=\"https:\/\/asintelecuador.com\">\n\t\t\t\t\t\t<h1 class=\"elementor-heading-title elementor-size-default\">\n\t\t\t\t\t\t\t\t\n\t\t\t\tNuestro Servicios  \n\t\t\t<\/h1 > \n\t\t\t\t\t\t\t\t\t<\/a>\n\t\t\t\t\t<\/div>\n\t\t\t\t\t\t<\/div>\n\t\t\t\t<\/div>\n\t\t\t\t\t<\/div>\n\t\t<\/div>\n\t\t\t\t\t<\/div>\n\t\t<\/section>\n\t\t\t\t<section class=\"elementor-section elementor-top-section elementor-element elementor-element-3054cde elementor-section-content-middle elementor-section-boxed elementor-section-height-default elementor-section-height-default\" data-id=\"3054cde\" data-element_type=\"section\" data-e-type=\"section\">\n\t\t\t\t\t\t<div class=\"elementor-container elementor-column-gap-default\">\n\t\t\t\t\t<div class=\"elementor-column elementor-col-50 elementor-top-column elementor-element elementor-element-853695d\" data-id=\"853695d\" data-element_type=\"column\" data-e-type=\"column\">\n\t\t\t<div class=\"elementor-widget-wrap elementor-element-populated\">\n\t\t\t\t\t\t<div class=\"elementor-element elementor-element-28a8109 elementor-widget elementor-widget-image\" data-id=\"28a8109\" data-element_type=\"widget\" data-e-type=\"widget\" data-widget_type=\"image.default\">\n\t\t\t\t<div class=\"elementor-widget-container\">\n\t\t\t\t\t\t\t\t\t\t\t\t\t\t\t<img fetchpriority=\"high\" decoding=\"async\" width=\"640\" height=\"426\" src=\"https:\/\/asintelecuador.com\/wp-content\/uploads\/2022\/10\/joven.jpg\" class=\"attachment-large size-large wp-image-1286\" alt=\"\" srcset=\"https:\/\/asintelecuador.com\/wp-content\/uploads\/2022\/10\/joven.jpg 740w, https:\/\/asintelecuador.com\/wp-content\/uploads\/2022\/10\/joven-300x200.jpg 300w\" sizes=\"(max-width: 640px) 100vw, 640px\" \/>\t\t\t\t\t\t\t\t\t\t\t\t\t\t\t<\/div>\n\t\t\t\t<\/div>\n\t\t\t\t\t<\/div>\n\t\t<\/div>\n\t\t\t\t<div class=\"elementor-column elementor-col-50 elementor-top-column elementor-element elementor-element-b1c636c\" data-id=\"b1c636c\" data-element_type=\"column\" data-e-type=\"column\">\n\t\t\t<div class=\"elementor-widget-wrap elementor-element-populated\">\n\t\t\t\t\t\t<div class=\"elementor-element elementor-element-aecdc4a animated-fast elementor-invisible elementor-widget elementor-widget-text-editor\" data-id=\"aecdc4a\" data-element_type=\"widget\" data-e-type=\"widget\" data-settings=\"{&quot;_animation&quot;:&quot;fadeInRight&quot;,&quot;_animation_delay&quot;:50}\" data-widget_type=\"text-editor.default\">\n\t\t\t\t<div class=\"elementor-widget-container\">\n\t\t\t\t\t\t\t\t\t<p>Nuestros servicios de soporte y atenci\u00f3n personalizados, le ayudar\u00e1n a mantener un \u00f3ptimo funcionamiento; brind\u00e1ndole seguridad, estabilidad y control a sus sistemas computacionales.<\/p><p>Ponemos a su disposici\u00f3n soluciones a la medida de su negocio caracteriz\u00e1ndonos por entregar un servicio oportuno y efectivo a cada situaci\u00f3n.\u00a0<\/p>\t\t\t\t\t\t\t\t<\/div>\n\t\t\t\t<\/div>\n\t\t\t\t\t<\/div>\n\t\t<\/div>\n\t\t\t\t\t<\/div>\n\t\t<\/section>\n\t\t\t\t<section class=\"elementor-section elementor-top-section elementor-element elementor-element-87d76ee elementor-section-boxed elementor-section-height-default elementor-section-height-default\" data-id=\"87d76ee\" data-element_type=\"section\" data-e-type=\"section\" data-settings=\"{&quot;background_background&quot;:&quot;gradient&quot;}\">\n\t\t\t\t\t\t<div class=\"elementor-container elementor-column-gap-default\">\n\t\t\t\t\t<div class=\"elementor-column elementor-col-33 elementor-top-column elementor-element elementor-element-872de93 elementor-invisible\" data-id=\"872de93\" data-element_type=\"column\" data-e-type=\"column\" data-settings=\"{&quot;background_background&quot;:&quot;classic&quot;,&quot;animation&quot;:&quot;zoomIn&quot;}\">\n\t\t\t<div class=\"elementor-widget-wrap elementor-element-populated\">\n\t\t\t\t\t\t<div class=\"elementor-element elementor-element-32a8e0f elementor-widget elementor-widget-image\" data-id=\"32a8e0f\" data-element_type=\"widget\" data-e-type=\"widget\" data-widget_type=\"image.default\">\n\t\t\t\t<div class=\"elementor-widget-container\">\n\t\t\t\t\t\t\t\t\t\t\t\t\t\t\t<img decoding=\"async\" width=\"640\" height=\"337\" src=\"https:\/\/asintelecuador.com\/wp-content\/uploads\/2022\/10\/cableado-estructurado-detalle-1024x539.jpg\" class=\"attachment-large size-large wp-image-1287\" alt=\"\" srcset=\"https:\/\/asintelecuador.com\/wp-content\/uploads\/2022\/10\/cableado-estructurado-detalle-1024x539.jpg 1024w, https:\/\/asintelecuador.com\/wp-content\/uploads\/2022\/10\/cableado-estructurado-detalle-300x158.jpg 300w, https:\/\/asintelecuador.com\/wp-content\/uploads\/2022\/10\/cableado-estructurado-detalle-768x404.jpg 768w, https:\/\/asintelecuador.com\/wp-content\/uploads\/2022\/10\/cableado-estructurado-detalle.jpg 1170w\" sizes=\"(max-width: 640px) 100vw, 640px\" \/>\t\t\t\t\t\t\t\t\t\t\t\t\t\t\t<\/div>\n\t\t\t\t<\/div>\n\t\t\t\t<div class=\"elementor-element elementor-element-833d476 elementor-widget elementor-widget-heading\" data-id=\"833d476\" data-element_type=\"widget\" data-e-type=\"widget\" data-widget_type=\"heading.default\">\n\t\t\t\t<div class=\"elementor-widget-container\">\n\t\t\t\t\t<h3 class=\"elementor-heading-title elementor-size-default\">Cableado estructurado en cobre<\/h3>\t\t\t\t<\/div>\n\t\t\t\t<\/div>\n\t\t\t\t<div class=\"elementor-element elementor-element-8ae960d elementor-widget elementor-widget-text-editor\" data-id=\"8ae960d\" data-element_type=\"widget\" data-e-type=\"widget\" data-widget_type=\"text-editor.default\">\n\t\t\t\t<div class=\"elementor-widget-container\">\n\t\t\t\t\t\t\t\t\t<p>Dise\u00f1o e implementaci\u00f3n de proyectos de cableado estructurado en cobre categor\u00eda 5E, 6, 6A, 7. En marcas reconocidas a nivel mundial como Panduit, Furukawa, Quest, Nexxt, etc.<\/p><p>Cableado horizontal, vertical, columna vertebral, anclaje de bastidores. Migraci\u00f3n de equipos, instalaci\u00f3n de escalerillas, corredor de fibra, etc.<\/p>\t\t\t\t\t\t\t\t<\/div>\n\t\t\t\t<\/div>\n\t\t\t\t\t<\/div>\n\t\t<\/div>\n\t\t\t\t<div class=\"elementor-column elementor-col-33 elementor-top-column elementor-element elementor-element-aa68cab elementor-invisible\" data-id=\"aa68cab\" data-element_type=\"column\" data-e-type=\"column\" data-settings=\"{&quot;background_background&quot;:&quot;classic&quot;,&quot;animation&quot;:&quot;zoomIn&quot;}\">\n\t\t\t<div class=\"elementor-widget-wrap elementor-element-populated\">\n\t\t\t\t\t\t<div class=\"elementor-element elementor-element-a621b35 elementor-widget elementor-widget-image\" data-id=\"a621b35\" data-element_type=\"widget\" data-e-type=\"widget\" data-widget_type=\"image.default\">\n\t\t\t\t<div class=\"elementor-widget-container\">\n\t\t\t\t\t\t\t\t\t\t\t\t\t\t\t<img decoding=\"async\" width=\"512\" height=\"342\" src=\"https:\/\/asintelecuador.com\/wp-content\/uploads\/2022\/10\/CABLEADO-ESTRUCTURADO-IMAGEN.jpg\" class=\"attachment-large size-large wp-image-1301\" alt=\"\" srcset=\"https:\/\/asintelecuador.com\/wp-content\/uploads\/2022\/10\/CABLEADO-ESTRUCTURADO-IMAGEN.jpg 512w, https:\/\/asintelecuador.com\/wp-content\/uploads\/2022\/10\/CABLEADO-ESTRUCTURADO-IMAGEN-300x200.jpg 300w\" sizes=\"(max-width: 512px) 100vw, 512px\" \/>\t\t\t\t\t\t\t\t\t\t\t\t\t\t\t<\/div>\n\t\t\t\t<\/div>\n\t\t\t\t<div class=\"elementor-element elementor-element-c61c259 elementor-widget elementor-widget-heading\" data-id=\"c61c259\" data-element_type=\"widget\" data-e-type=\"widget\" data-widget_type=\"heading.default\">\n\t\t\t\t<div class=\"elementor-widget-container\">\n\t\t\t\t\t<h3 class=\"elementor-heading-title elementor-size-default\">Cableado estructurado en fibra \u00f3ptica<\/h3>\t\t\t\t<\/div>\n\t\t\t\t<\/div>\n\t\t\t\t<div class=\"elementor-element elementor-element-68da801 elementor-widget elementor-widget-text-editor\" data-id=\"68da801\" data-element_type=\"widget\" data-e-type=\"widget\" data-widget_type=\"text-editor.default\">\n\t\t\t\t<div class=\"elementor-widget-container\">\n\t\t\t\t\t\t\t\t\t<p>Contamos con personal calificado para dise\u00f1ar soluciones en fibra \u00f3ptica, back bone de edificios con las principales marcas existentes como Panduit, Furukawa, etc.<\/p><p>Enlaces, fusiones y certificaciones con equipos de alta tecnolog\u00eda. Cobertura para Quito y resto de provincias del Ecuador.<\/p>\t\t\t\t\t\t\t\t<\/div>\n\t\t\t\t<\/div>\n\t\t\t\t\t<\/div>\n\t\t<\/div>\n\t\t\t\t<div class=\"elementor-column elementor-col-33 elementor-top-column elementor-element elementor-element-7583a27 elementor-invisible\" data-id=\"7583a27\" data-element_type=\"column\" data-e-type=\"column\" data-settings=\"{&quot;background_background&quot;:&quot;classic&quot;,&quot;animation&quot;:&quot;zoomIn&quot;}\">\n\t\t\t<div class=\"elementor-widget-wrap elementor-element-populated\">\n\t\t\t\t\t\t<div class=\"elementor-element elementor-element-e6c8ec6 elementor-widget elementor-widget-image\" data-id=\"e6c8ec6\" data-element_type=\"widget\" data-e-type=\"widget\" data-widget_type=\"image.default\">\n\t\t\t\t<div class=\"elementor-widget-container\">\n\t\t\t\t\t\t\t\t\t\t\t\t\t\t\t<img loading=\"lazy\" decoding=\"async\" width=\"640\" height=\"425\" src=\"https:\/\/asintelecuador.com\/wp-content\/uploads\/2022\/10\/instalacion-electrica5.webp\" class=\"attachment-large size-large wp-image-1302\" alt=\"\" srcset=\"https:\/\/asintelecuador.com\/wp-content\/uploads\/2022\/10\/instalacion-electrica5.webp 960w, https:\/\/asintelecuador.com\/wp-content\/uploads\/2022\/10\/instalacion-electrica5-300x199.webp 300w, https:\/\/asintelecuador.com\/wp-content\/uploads\/2022\/10\/instalacion-electrica5-768x510.webp 768w\" sizes=\"(max-width: 640px) 100vw, 640px\" \/>\t\t\t\t\t\t\t\t\t\t\t\t\t\t\t<\/div>\n\t\t\t\t<\/div>\n\t\t\t\t<div class=\"elementor-element elementor-element-b19e424 elementor-widget elementor-widget-heading\" data-id=\"b19e424\" data-element_type=\"widget\" data-e-type=\"widget\" data-widget_type=\"heading.default\">\n\t\t\t\t<div class=\"elementor-widget-container\">\n\t\t\t\t\t<h3 class=\"elementor-heading-title elementor-size-default\">Sistemas el\u00e9ctricos<\/h3>\t\t\t\t<\/div>\n\t\t\t\t<\/div>\n\t\t\t\t<div class=\"elementor-element elementor-element-b9163bd elementor-widget elementor-widget-text-editor\" data-id=\"b9163bd\" data-element_type=\"widget\" data-e-type=\"widget\" data-widget_type=\"text-editor.default\">\n\t\t\t\t<div class=\"elementor-widget-container\">\n\t\t\t\t\t\t\t\t\t<p>Asesoramiento y dise\u00f1o para implementaciones el\u00e9ctricas en edificaciones.<\/p><p>Instalaciones de energ\u00eda normal y regulada.<\/p><p>Instalaciones a tierra.<\/p><p>Instalaci\u00f3n de UPS.<\/p><p>Sistemas de protecci\u00f3n para equipos el\u00e9ctricos.<\/p><p>Sistemas de automatizaci\u00f3n de equipos.<\/p>\t\t\t\t\t\t\t\t<\/div>\n\t\t\t\t<\/div>\n\t\t\t\t\t<\/div>\n\t\t<\/div>\n\t\t\t\t\t<\/div>\n\t\t<\/section>\n\t\t\t\t<section class=\"elementor-section elementor-top-section elementor-element elementor-element-dd10894 elementor-section-boxed elementor-section-height-default elementor-section-height-default\" data-id=\"dd10894\" data-element_type=\"section\" data-e-type=\"section\" data-settings=\"{&quot;background_background&quot;:&quot;gradient&quot;}\">\n\t\t\t\t\t\t<div class=\"elementor-container elementor-column-gap-default\">\n\t\t\t\t\t<div class=\"elementor-column elementor-col-33 elementor-top-column elementor-element elementor-element-c1c1e61 elementor-invisible\" data-id=\"c1c1e61\" data-element_type=\"column\" data-e-type=\"column\" data-settings=\"{&quot;background_background&quot;:&quot;classic&quot;,&quot;animation&quot;:&quot;zoomIn&quot;}\">\n\t\t\t<div class=\"elementor-widget-wrap elementor-element-populated\">\n\t\t\t\t\t\t<div class=\"elementor-element elementor-element-cf01a3a elementor-widget elementor-widget-image\" data-id=\"cf01a3a\" data-element_type=\"widget\" data-e-type=\"widget\" data-widget_type=\"image.default\">\n\t\t\t\t<div class=\"elementor-widget-container\">\n\t\t\t\t\t\t\t\t\t\t\t\t\t\t\t<img loading=\"lazy\" decoding=\"async\" width=\"640\" height=\"426\" src=\"https:\/\/asintelecuador.com\/wp-content\/uploads\/2022\/10\/concepto.jpg\" class=\"attachment-large size-large wp-image-1303\" alt=\"\" srcset=\"https:\/\/asintelecuador.com\/wp-content\/uploads\/2022\/10\/concepto.jpg 740w, https:\/\/asintelecuador.com\/wp-content\/uploads\/2022\/10\/concepto-300x200.jpg 300w\" sizes=\"(max-width: 640px) 100vw, 640px\" \/>\t\t\t\t\t\t\t\t\t\t\t\t\t\t\t<\/div>\n\t\t\t\t<\/div>\n\t\t\t\t<div class=\"elementor-element elementor-element-e0f567d elementor-widget elementor-widget-heading\" data-id=\"e0f567d\" data-element_type=\"widget\" data-e-type=\"widget\" data-widget_type=\"heading.default\">\n\t\t\t\t<div class=\"elementor-widget-container\">\n\t\t\t\t\t<h3 class=\"elementor-heading-title elementor-size-default\">Infraestructura tecnol\u00f3gica<\/h3>\t\t\t\t<\/div>\n\t\t\t\t<\/div>\n\t\t\t\t<div class=\"elementor-element elementor-element-759ab6b elementor-widget elementor-widget-text-editor\" data-id=\"759ab6b\" data-element_type=\"widget\" data-e-type=\"widget\" data-widget_type=\"text-editor.default\">\n\t\t\t\t<div class=\"elementor-widget-container\">\n\t\t\t\t\t\t\t\t\t<p>Equipos activos y establecimiento de redes de trabajo enfocados a mejorar la productividad y eficacia en sus operaciones, cobertura para Quito y resto del Ecuador.<\/p><p>Equipos de almacenamiento.<\/p><p>Firewalls.<\/p><p>Switchs.<\/p><p>Routers.<\/p><p>Perif\u00e9ricos, etc.<\/p><p>Mantenimiento preventivo y correctivo de equipos de computo, impresoras y copiadoras.<\/p>\t\t\t\t\t\t\t\t<\/div>\n\t\t\t\t<\/div>\n\t\t\t\t\t<\/div>\n\t\t<\/div>\n\t\t\t\t<div class=\"elementor-column elementor-col-33 elementor-top-column elementor-element elementor-element-44117da elementor-invisible\" data-id=\"44117da\" data-element_type=\"column\" data-e-type=\"column\" data-settings=\"{&quot;background_background&quot;:&quot;classic&quot;,&quot;animation&quot;:&quot;zoomIn&quot;}\">\n\t\t\t<div class=\"elementor-widget-wrap elementor-element-populated\">\n\t\t\t\t\t\t<div class=\"elementor-element elementor-element-e5848fa elementor-widget elementor-widget-image\" data-id=\"e5848fa\" data-element_type=\"widget\" data-e-type=\"widget\" data-widget_type=\"image.default\">\n\t\t\t\t<div class=\"elementor-widget-container\">\n\t\t\t\t\t\t\t\t\t\t\t\t\t\t\t<img loading=\"lazy\" decoding=\"async\" width=\"626\" height=\"417\" src=\"https:\/\/asintelecuador.com\/wp-content\/uploads\/2022\/10\/diseno_web_con_wordpress-1.jpg\" class=\"attachment-large size-large wp-image-1304\" alt=\"\" srcset=\"https:\/\/asintelecuador.com\/wp-content\/uploads\/2022\/10\/diseno_web_con_wordpress-1.jpg 626w, https:\/\/asintelecuador.com\/wp-content\/uploads\/2022\/10\/diseno_web_con_wordpress-1-300x200.jpg 300w\" sizes=\"(max-width: 626px) 100vw, 626px\" \/>\t\t\t\t\t\t\t\t\t\t\t\t\t\t\t<\/div>\n\t\t\t\t<\/div>\n\t\t\t\t<div class=\"elementor-element elementor-element-08c1b75 elementor-widget elementor-widget-heading\" data-id=\"08c1b75\" data-element_type=\"widget\" data-e-type=\"widget\" data-widget_type=\"heading.default\">\n\t\t\t\t<div class=\"elementor-widget-container\">\n\t\t\t\t\t<h3 class=\"elementor-heading-title elementor-size-default\">Dise\u00f1o multimedia y Web<\/h3>\t\t\t\t<\/div>\n\t\t\t\t<\/div>\n\t\t\t\t<div class=\"elementor-element elementor-element-11d1e7f elementor-widget elementor-widget-text-editor\" data-id=\"11d1e7f\" data-element_type=\"widget\" data-e-type=\"widget\" data-widget_type=\"text-editor.default\">\n\t\t\t\t<div class=\"elementor-widget-container\">\n\t\t\t\t\t\t\t\t\t<p>Dise\u00f1o e implementaci\u00f3n de sitios web y multimedia con asesor\u00eda de profesionales con a\u00f1os de experiencia en dise\u00f1o gr\u00e1fico.<\/p>\t\t\t\t\t\t\t\t<\/div>\n\t\t\t\t<\/div>\n\t\t\t\t\t<\/div>\n\t\t<\/div>\n\t\t\t\t<div class=\"elementor-column elementor-col-33 elementor-top-column elementor-element elementor-element-8a74d52 elementor-invisible\" data-id=\"8a74d52\" data-element_type=\"column\" data-e-type=\"column\" data-settings=\"{&quot;background_background&quot;:&quot;classic&quot;,&quot;animation&quot;:&quot;zoomIn&quot;}\">\n\t\t\t<div class=\"elementor-widget-wrap elementor-element-populated\">\n\t\t\t\t\t\t<div class=\"elementor-element elementor-element-f7798ed elementor-widget elementor-widget-image\" data-id=\"f7798ed\" data-element_type=\"widget\" data-e-type=\"widget\" data-widget_type=\"image.default\">\n\t\t\t\t<div class=\"elementor-widget-container\">\n\t\t\t\t\t\t\t\t\t\t\t\t\t\t\t<img loading=\"lazy\" decoding=\"async\" width=\"640\" height=\"385\" src=\"https:\/\/asintelecuador.com\/wp-content\/uploads\/2022\/10\/reparacion-de-ordenadores.webp\" class=\"attachment-large size-large wp-image-1306\" alt=\"\" srcset=\"https:\/\/asintelecuador.com\/wp-content\/uploads\/2022\/10\/reparacion-de-ordenadores.webp 940w, https:\/\/asintelecuador.com\/wp-content\/uploads\/2022\/10\/reparacion-de-ordenadores-300x180.webp 300w, https:\/\/asintelecuador.com\/wp-content\/uploads\/2022\/10\/reparacion-de-ordenadores-768x462.webp 768w\" sizes=\"(max-width: 640px) 100vw, 640px\" \/>\t\t\t\t\t\t\t\t\t\t\t\t\t\t\t<\/div>\n\t\t\t\t<\/div>\n\t\t\t\t<div class=\"elementor-element elementor-element-caaa7d6 elementor-widget elementor-widget-heading\" data-id=\"caaa7d6\" data-element_type=\"widget\" data-e-type=\"widget\" data-widget_type=\"heading.default\">\n\t\t\t\t<div class=\"elementor-widget-container\">\n\t\t\t\t\t<h3 class=\"elementor-heading-title elementor-size-default\">Distribuci\u00f3n de equipos<\/h3>\t\t\t\t<\/div>\n\t\t\t\t<\/div>\n\t\t\t\t<div class=\"elementor-element elementor-element-0619107 elementor-widget elementor-widget-text-editor\" data-id=\"0619107\" data-element_type=\"widget\" data-e-type=\"widget\" data-widget_type=\"text-editor.default\">\n\t\t\t\t<div class=\"elementor-widget-container\">\n\t\t\t\t\t\t\t\t\t<p>Venta y distribuci\u00f3n a nivel local y nacional de equipos y suministros inform\u00e1ticos en marcas reconocidas en el mercado.<\/p>\t\t\t\t\t\t\t\t<\/div>\n\t\t\t\t<\/div>\n\t\t\t\t\t<\/div>\n\t\t<\/div>\n\t\t\t\t\t<\/div>\n\t\t<\/section>\n\t\t\t\t<\/div>\n\t\t","protected":false},"excerpt":{"rendered":"<p>Nuestro Servicios Nuestros servicios de soporte y atenci\u00f3n personalizados, le ayudar\u00e1n a mantener un \u00f3ptimo funcionamiento; brind\u00e1ndole seguridad, estabilidad y control a sus sistemas computacionales. Ponemos a su disposici\u00f3n soluciones a la medida de su negocio caracteriz\u00e1ndonos por entregar un servicio oportuno y efectivo a cada situaci\u00f3n.&nbsp; Cableado estructurado en cobre Dise\u00f1o e implementaci\u00f3n de [&hellip;]<\/p>\n","protected":false},"author":1,"featured_media":0,"parent":0,"menu_order":0,"comment_status":"closed","ping_status":"closed","template":"elementor_header_footer","meta":{"_siteseo_robots_primary_cat":"","_uag_custom_page_level_css":"","footnotes":""},"class_list":["post-1283","page","type-page","status-publish","hentry"],"uagb_featured_image_src":{"full":false,"thumbnail":false,"medium":false,"medium_large":false,"large":false,"1536x1536":false,"2048x2048":false},"uagb_author_info":{"display_name":"hpatino","author_link":"https:\/\/asintelecuador.com\/?author=1"},"uagb_comment_info":0,"uagb_excerpt":"Nuestro Servicios Nuestros servicios de soporte y atenci\u00f3n personalizados, le ayudar\u00e1n a mantener un \u00f3ptimo funcionamiento; brind\u00e1ndole seguridad, estabilidad y control a sus sistemas computacionales. Ponemos a su disposici\u00f3n soluciones a la medida de su negocio caracteriz\u00e1ndonos por entregar un servicio oportuno y efectivo a cada situaci\u00f3n.&nbsp; Cableado estructurado en cobre Dise\u00f1o e implementaci\u00f3n de&hellip;","_links":{"self":[{"href":"https:\/\/asintelecuador.com\/index.php?rest_route=\/wp\/v2\/pages\/1283","targetHints":{"allow":["GET"]}}],"collection":[{"href":"https:\/\/asintelecuador.com\/index.php?rest_route=\/wp\/v2\/pages"}],"about":[{"href":"https:\/\/asintelecuador.com\/index.php?rest_route=\/wp\/v2\/types\/page"}],"author":[{"embeddable":true,"href":"https:\/\/asintelecuador.com\/index.php?rest_route=\/wp\/v2\/users\/1"}],"replies":[{"embeddable":true,"href":"https:\/\/asintelecuador.com\/index.php?rest_route=%2Fwp%2Fv2%2Fcomments&post=1283"}],"version-history":[{"count":18,"href":"https:\/\/asintelecuador.com\/index.php?rest_route=\/wp\/v2\/pages\/1283\/revisions"}],"predecessor-version":[{"id":1318,"href":"https:\/\/asintelecuador.com\/index.php?rest_route=\/wp\/v2\/pages\/1283\/revisions\/1318"}],"wp:attachment":[{"href":"https:\/\/asintelecuador.com\/index.php?rest_route=%2Fwp%2Fv2%2Fmedia&parent=1283"}],"curies":[{"name":"wp","href":"https:\/\/api.w.org\/{rel}","templated":true}]}}